{"id":7,"date":"2012-08-04T01:15:10","date_gmt":"2012-08-03T23:15:10","guid":{"rendered":"http:\/\/www.tilitieto-puistonen.fi\/testi\/?page_id=7"},"modified":"2024-03-01T10:45:50","modified_gmt":"2024-03-01T10:45:50","slug":"tervetuloa","status":"publish","type":"page","link":"https:\/\/www.tilitieto-puistonen.fi\/","title":{"rendered":"Tervetuloa"},"content":{"rendered":"<p>Olen pieni ja joustava tilitoimisto satakunnassa.<br \/>\nHoidan yritt\u00e4j\u00e4n kallisarvoista aikaa viev\u00e4t ty\u00f6t.<br \/>\nKirjanpito, maksatus, palkanlaskenta ym. mit\u00e4 keksit\u00e4\u00e4nkin sopia?<br \/>\nNykyaikaiset s\u00e4hk\u00f6iset j\u00e4rjestelm\u00e4t helpottavat yritt\u00e4j\u00e4n arkea.<\/p>\n<p>Ty\u00f6taustaa on kertynyt yritt\u00e4j\u00e4n\u00e4 sek\u00e4 my\u00f6s ty\u00f6ntekij\u00e4n\u00e4.<br \/>\nTilitoimistossa ty\u00f6kokemusta on kertynyt 8 vuotta.<br \/>\nSit\u00e4 ennen toimin yritt\u00e4j\u00e4n\u00e4 ravintola alalla.<\/p>\n<p>Tilitoimistoalan arvostetuimman tutkinnon KLT tutkinnon suoritin vuonna 2005.<br \/>\nOman toimiston perustin kev\u00e4\u00e4ll\u00e4 2007.<br \/>\nSamalla aloitettiin my\u00f6s vanhempieni yrityksen sukupolven vaihdos minulle ja miehelleni, jolloin minusta tuli tuplayritt\u00e4j\u00e4.<\/p>\n<p>Palveluita:<\/p>\n<p>\u2022\u00a0 Kirjanpito ja tilinp\u00e4\u00e4t\u00f6s<br \/>\n\u2022\u00a0 Veroilmoitus ja muut verotusasiat<br \/>\n\u2022\u00a0 Myyntilaskutus<br \/>\n\u2022\u00a0 Reskontrat<br \/>\n\u2022\u00a0 Palkat<br \/>\n\u2022\u00a0 Maksuliikenne<br \/>\n\u2022\u00a0 Yrityksen perustaminen ja yritysmuodon muutokset<br \/>\n\u2022\u00a0 Kaupparekisteriasiat<\/p>\n<p>S\u00e4hk\u00f6iset j\u00e4rjestelm\u00e4t, s\u00e4hk\u00f6inen kirjanpito<\/p>\n<p>Tilitieto Puistonen avoin yhti\u00f6<br \/>\nMarianne Puistonen, KLT<br \/>\nVanha S\u00f6\u00f6rmarkuntie 32<br \/>\n29570 S\u00f6\u00f6rmarkku<\/p>\n<p>Puh. 044-500 4686<br \/>\ne-mail:\u00a0<a href=\"mailto:marianne@tilitieto-puistonen.fi\">marianne@tilitieto-puistonen.fi<\/a><\/p>\n","protected":false},"excerpt":{"rendered":"<p>Olen pieni ja joustava tilitoimisto satakunnassa. Hoidan yritt\u00e4j\u00e4n kallisarvoista aikaa viev\u00e4t ty\u00f6t. Kirjanpito, maksatus, palkanlaskenta ym. mit\u00e4 keksit\u00e4\u00e4nkin sopia? Nykyaikaiset s\u00e4hk\u00f6iset j\u00e4rjestelm\u00e4t helpottavat yritt\u00e4j\u00e4n arkea. Ty\u00f6taustaa on kertynyt yritt\u00e4j\u00e4n\u00e4 sek\u00e4 my\u00f6s ty\u00f6ntekij\u00e4n\u00e4. Tilitoimistossa ty\u00f6kokemusta on kertynyt 8 vuotta. Sit\u00e4 ennen toimin yritt\u00e4j\u00e4n\u00e4 ravintola alalla. Tilitoimistoalan arvostetuimman tutkinnon KLT tutkinnon suoritin vuonna 2005. Oman toimiston perustin &hellip; <\/p>\n<p class=\"link-more\"><a href=\"https:\/\/www.tilitieto-puistonen.fi\/\" class=\"more-link\">Jatka lukemista<span class=\"screen-reader-text\"> &#8221;Tervetuloa&#8221;<\/span><\/a><\/p>\n","protected":false},"author":1,"featured_media":0,"parent":0,"menu_order":0,"comment_status":"closed","ping_status":"closed","template":"","meta":{"footnotes":""},"_links":{"self":[{"href":"https:\/\/www.tilitieto-puistonen.fi\/index.php?rest_route=\/wp\/v2\/pages\/7"}],"collection":[{"href":"https:\/\/www.tilitieto-puistonen.fi\/index.php?rest_route=\/wp\/v2\/pages"}],"about":[{"href":"https:\/\/www.tilitieto-puistonen.fi\/index.php?rest_route=\/wp\/v2\/types\/page"}],"author":[{"embeddable":true,"href":"https:\/\/www.tilitieto-puistonen.fi\/index.php?rest_route=\/wp\/v2\/users\/1"}],"replies":[{"embeddable":true,"href":"https:\/\/www.tilitieto-puistonen.fi\/index.php?rest_route=%2Fwp%2Fv2%2Fcomments&post=7"}],"version-history":[{"count":10,"href":"https:\/\/www.tilitieto-puistonen.fi\/index.php?rest_route=\/wp\/v2\/pages\/7\/revisions"}],"predecessor-version":[{"id":45,"href":"https:\/\/www.tilitieto-puistonen.fi\/index.php?rest_route=\/wp\/v2\/pages\/7\/revisions\/45"}],"wp:attachment":[{"href":"https:\/\/www.tilitieto-puistonen.fi\/index.php?rest_route=%2Fwp%2Fv2%2Fmedia&parent=7"}],"curies":[{"name":"wp","href":"https:\/\/api.w.org\/{rel}","templated":true}]}}